{"id":441,"date":"2022-10-29T01:02:50","date_gmt":"2022-10-29T00:02:50","guid":{"rendered":"https:\/\/znayn.com\/?post_type=product&#038;p=441"},"modified":"2024-07-28T12:53:43","modified_gmt":"2024-07-28T11:53:43","slug":"frankincense-100g","status":"publish","type":"product","link":"https:\/\/znayn.com\/index.php\/product\/frankincense-100g\/","title":{"rendered":"frankincense 100g"},"content":{"rendered":"<h2>Encens Oliban Vertus<\/h2>\n<p>L&#8217;oliban\u00a0 frankincense est un encens nomm\u00e9 \u00e9galement encens m\u00e2le ou encore encens pur, Il a d&#8217;abord \u00e9t\u00e9 consid\u00e9r\u00e9 comme un puissant anti-inflammatoire, mais il pr\u00e9sente de nombreux autres bienfaits et avantages, \u00e0 savoir<\/p>\n<ul>\n<li>antiseptique<\/li>\n<li>antiviral<\/li>\n<li>r\u00e9g\u00e9n\u00e9rant sur le plan cutan\u00e9<\/li>\n<li>\n<div class=\"col-md-6 mt10\">\n<div id=\"document_view\" class=\"white_textarea_box color_222222 lh25\">L&#8217;encens oliban aide \u00e0 r\u00e9parer la peau endommag\u00e9e, \u00e0 favoriser la cicatrisation des plaies, \u00e0 soulager les ulc\u00e8res et \u00e0 soulager les apaise les mycoses.<\/div>\n<div>\n<h2>\ud835\udc0e\ud835\udc25\ud835\udc22\ud835\udc1b\ud835\udc1a\ud835\udc27 U\ud835\udc2d\ud835\udc22\ud835\udc25\ud835\udc22\ud835\udc2c\ud835\udc1a\ud835\udc2d\ud835\udc22\ud835\udc28\ud835\udc27<\/h2>\n<p>l&#8217;oliban , liban peut \u00eatre utilis\u00e9 de diff\u00e9rentes mani\u00e8res, \u00e0 savoir: diffusion, odeur, inhalation, fumigation, dilution dans la baignoire, massage.<\/p>\n<\/div>\n<\/div>\n<\/li>\n<\/ul>\n","protected":false},"excerpt":{"rendered":"<p>Encens Oliban Vertus L&#8217;oliban\u00a0 frankincense est un encens nomm\u00e9 \u00e9galement encens m\u00e2le ou encore encens pur, Il a d&#8217;abord \u00e9t\u00e9&#8230;<\/p>\n","protected":false},"featured_media":444,"comment_status":"open","ping_status":"closed","template":"","meta":[],"product_brand":[],"product_cat":[55],"product_tag":[],"class_list":{"0":"post-441","1":"product","2":"type-product","3":"status-publish","4":"has-post-thumbnail","6":"product_cat-cosmetic","8":"first","9":"instock","10":"shipping-taxable","11":"purchasable","12":"product-type-simple"},"_links":{"self":[{"href":"https:\/\/znayn.com\/index.php\/wp-json\/wp\/v2\/product\/441","targetHints":{"allow":["GET"]}}],"collection":[{"href":"https:\/\/znayn.com\/index.php\/wp-json\/wp\/v2\/product"}],"about":[{"href":"https:\/\/znayn.com\/index.php\/wp-json\/wp\/v2\/types\/product"}],"replies":[{"embeddable":true,"href":"https:\/\/znayn.com\/index.php\/wp-json\/wp\/v2\/comments?post=441"}],"wp:featuredmedia":[{"embeddable":true,"href":"https:\/\/znayn.com\/index.php\/wp-json\/wp\/v2\/media\/444"}],"wp:attachment":[{"href":"https:\/\/znayn.com\/index.php\/wp-json\/wp\/v2\/media?parent=441"}],"wp:term":[{"taxonomy":"product_brand","embeddable":true,"href":"https:\/\/znayn.com\/index.php\/wp-json\/wp\/v2\/product_brand?post=441"},{"taxonomy":"product_cat","embeddable":true,"href":"https:\/\/znayn.com\/index.php\/wp-json\/wp\/v2\/product_cat?post=441"},{"taxonomy":"product_tag","embeddable":true,"href":"https:\/\/znayn.com\/index.php\/wp-json\/wp\/v2\/product_tag?post=441"}],"curies":[{"name":"wp","href":"https:\/\/api.w.org\/{rel}","templated":true}]}}