{"id":461,"date":"2022-10-29T17:57:48","date_gmt":"2022-10-29T16:57:48","guid":{"rendered":"https:\/\/znayn.com\/?post_type=product&#038;p=461"},"modified":"2024-06-05T17:56:38","modified_gmt":"2024-06-05T16:56:38","slug":"jujube-honey-500g","status":"publish","type":"product","link":"https:\/\/znayn.com\/index.php\/product\/jujube-honey-500g\/","title":{"rendered":"jujube honey 500g"},"content":{"rendered":"<p>MIEL DE JUJUBIER ses propri\u00e9t\u00e9s th\u00e9rapeutiques sont nombreuses.<\/p>\n<p>Ces vertus sont nombreuses, il renforce le syst\u00e8me immunitaire, favorise la fertilit\u00e9, soulage les troubles respiratoires et les troubles digestifs. Il est aussi tonifiant et un fort pouvoir antibact\u00e9rien.<\/p>\n<h4>Cristallisation, temp\u00e9rature et liqu\u00e9faction du miel<\/h4>\n<p>Apr\u00e8s son conditionnement le miel peut cristalliser, c&#8217;est un ph\u00e9nom\u00e8ne naturel qui garantit sa qualit\u00e9.\u00a0Il est pr\u00e9f\u00e9rable de le stocker soit \u00e0 plus de 20\u00b0C, soit \u00e0 moins de 10\u00b0, d\u2019o\u00f9 l\u2019int\u00e9r\u00eat de le placer au r\u00e9frig\u00e9rateur.<\/p>\n<p>Il est possible de liqu\u00e9fier un miel qui s\u2019est cristallis\u00e9, en le mettant quelques minutes au bain-marie et en remuant constamment, mais attention ! Si l\u2019on veut conserver toutes les qualit\u00e9s du miel il ne faut pas d\u00e9passer 40\u00b0C.<\/p>\n<p>Ces vertus sont donn\u00e9es \u00e0 titre informatif, elles ne remplaceront jamais une consultation m\u00e9dicale.<\/p>\n<p>Il ne contient ni additifs ni conservateurs.<\/p>\n","protected":false},"excerpt":{"rendered":"<p>MIEL DE JUJUBIER ses propri\u00e9t\u00e9s th\u00e9rapeutiques sont nombreuses. Ces vertus sont nombreuses, il renforce le syst\u00e8me immunitaire, favorise la fertilit\u00e9,&#8230;<\/p>\n","protected":false},"featured_media":566,"comment_status":"open","ping_status":"closed","template":"","meta":[],"product_brand":[],"product_cat":[56],"product_tag":[],"class_list":{"0":"post-461","1":"product","2":"type-product","3":"status-publish","4":"has-post-thumbnail","6":"product_cat-foodstuff","8":"first","9":"instock","10":"shipping-taxable","11":"purchasable","12":"product-type-simple"},"_links":{"self":[{"href":"https:\/\/znayn.com\/index.php\/wp-json\/wp\/v2\/product\/461","targetHints":{"allow":["GET"]}}],"collection":[{"href":"https:\/\/znayn.com\/index.php\/wp-json\/wp\/v2\/product"}],"about":[{"href":"https:\/\/znayn.com\/index.php\/wp-json\/wp\/v2\/types\/product"}],"replies":[{"embeddable":true,"href":"https:\/\/znayn.com\/index.php\/wp-json\/wp\/v2\/comments?post=461"}],"wp:featuredmedia":[{"embeddable":true,"href":"https:\/\/znayn.com\/index.php\/wp-json\/wp\/v2\/media\/566"}],"wp:attachment":[{"href":"https:\/\/znayn.com\/index.php\/wp-json\/wp\/v2\/media?parent=461"}],"wp:term":[{"taxonomy":"product_brand","embeddable":true,"href":"https:\/\/znayn.com\/index.php\/wp-json\/wp\/v2\/product_brand?post=461"},{"taxonomy":"product_cat","embeddable":true,"href":"https:\/\/znayn.com\/index.php\/wp-json\/wp\/v2\/product_cat?post=461"},{"taxonomy":"product_tag","embeddable":true,"href":"https:\/\/znayn.com\/index.php\/wp-json\/wp\/v2\/product_tag?post=461"}],"curies":[{"name":"wp","href":"https:\/\/api.w.org\/{rel}","templated":true}]}}